{"id":333,"date":"2026-03-29T14:56:15","date_gmt":"2026-03-29T17:56:15","guid":{"rendered":"https:\/\/semblanti.com.br\/?page_id=333"},"modified":"2026-03-31T10:41:30","modified_gmt":"2026-03-31T13:41:30","slug":"manutencao","status":"publish","type":"page","link":"https:\/\/semblanti.com.br\/","title":{"rendered":"Manutencao"},"content":{"rendered":"\t\t<div data-elementor-type=\"wp-page\" data-elementor-id=\"333\" class=\"elementor elementor-333\" data-elementor-post-type=\"page\">\n\t\t\t\t\t\t<section class=\"elementor-section elementor-top-section elementor-element elementor-element-759e2e47 elementor-section-boxed elementor-section-height-default elementor-section-height-default\" data-id=\"759e2e47\" data-element_type=\"section\" data-settings=\"{&quot;background_background&quot;:&quot;classic&quot;}\">\n\t\t\t\t\t\t<div class=\"elementor-container elementor-column-gap-default\">\n\t\t\t\t\t<div class=\"elementor-column elementor-col-100 elementor-top-column elementor-element elementor-element-df50acb\" data-id=\"df50acb\" data-element_type=\"column\">\n\t\t\t<div class=\"elementor-widget-wrap elementor-element-populated\">\n\t\t\t\t<div class=\"elementor-element elementor-element-5349edcc e-con-full e-flex e-con e-parent\" data-id=\"5349edcc\" data-element_type=\"container\" data-settings=\"{&quot;background_background&quot;:&quot;classic&quot;}\">\n\t\t\t\t<div class=\"elementor-element elementor-element-38b24c3f elementor-widget__width-initial elementor-widget-mobile__width-initial elementor-widget elementor-widget-image\" data-id=\"38b24c3f\" data-element_type=\"widget\" data-widget_type=\"image.default\">\n\t\t\t\t<div class=\"elementor-widget-container\">\n\t\t\t\t\t\t\t\t\t\t\t\t\t\t\t<img fetchpriority=\"high\" decoding=\"async\" width=\"800\" height=\"272\" src=\"https:\/\/semblanti.com.br\/wp-content\/uploads\/2026\/03\/logo20WHITE.png\" class=\"attachment-large size-large wp-image-160\" alt=\"\" srcset=\"https:\/\/semblanti.com.br\/wp-content\/uploads\/2026\/03\/logo20WHITE.png 800w, https:\/\/semblanti.com.br\/wp-content\/uploads\/2026\/03\/logo20WHITE-300x102.png 300w, https:\/\/semblanti.com.br\/wp-content\/uploads\/2026\/03\/logo20WHITE-768x261.png 768w\" sizes=\"(max-width: 800px) 100vw, 800px\" \/>\t\t\t\t\t\t\t\t\t\t\t\t\t\t\t<\/div>\n\t\t\t\t<\/div>\n\t\t\t\t<div class=\"elementor-element elementor-element-4f4d2948 elementor-widget elementor-widget-heading\" data-id=\"4f4d2948\" data-element_type=\"widget\" data-widget_type=\"heading.default\">\n\t\t\t\t<div class=\"elementor-widget-container\">\n\t\t\t\t\t<h1 class=\"elementor-heading-title elementor-size-default\">Estamos em manuten\u00e7\u00e3o<\/h1>\t\t\t\t<\/div>\n\t\t\t\t<\/div>\n\t\t\t\t<div class=\"elementor-element elementor-element-260a2f35 elementor-widget elementor-widget-text-editor\" data-id=\"260a2f35\" data-element_type=\"widget\" data-widget_type=\"text-editor.default\">\n\t\t\t\t<div class=\"elementor-widget-container\">\n\t\t\t\t\t\t\t\t\t<p style=\"text-align:center; color:#C7D2FE; font-size:18px; line-height:1.6; margin:0;\">Estamos realizando ajustes para melhorar sua experi\u00eancia.<br\/>Em breve o site estar\u00e1 dispon\u00edvel novamente.<\/p>\t\t\t\t\t\t\t\t<\/div>\n\t\t\t\t<\/div>\n\t\t\t\t<div class=\"elementor-element elementor-element-14737833 elementor-widget-divider--view-line elementor-widget elementor-widget-divider\" data-id=\"14737833\" data-element_type=\"widget\" data-widget_type=\"divider.default\">\n\t\t\t\t<div class=\"elementor-widget-container\">\n\t\t\t\t\t\t\t<div class=\"elementor-divider\">\n\t\t\t<span class=\"elementor-divider-separator\">\n\t\t\t\t\t\t<\/span>\n\t\t<\/div>\n\t\t\t\t\t\t<\/div>\n\t\t\t\t<\/div>\n\t\t\t\t<div class=\"elementor-element elementor-element-1282e519 elementor-widget elementor-widget-text-editor\" data-id=\"1282e519\" data-element_type=\"widget\" data-widget_type=\"text-editor.default\">\n\t\t\t\t<div class=\"elementor-widget-container\">\n\t\t\t\t\t\t\t\t\t<p style=\"text-align: center; color: #e5e7eb; font-size: 16px; line-height: 1.6; margin: 0;\">Se precisar falar com a gente agora:<br \/><strong>WhatsApp:<\/strong> +55 (19) 99874-9526 \u2022 <strong>E-mail:<\/strong> contato@semblanti.com.br<\/p>\t\t\t\t\t\t\t\t<\/div>\n\t\t\t\t<\/div>\n\t\t\t\t<div class=\"elementor-element elementor-element-4535b036 elementor-align-center elementor-widget elementor-widget-button\" data-id=\"4535b036\" data-element_type=\"widget\" data-widget_type=\"button.default\">\n\t\t\t\t<div class=\"elementor-widget-container\">\n\t\t\t\t\t\t\t\t\t<div class=\"elementor-button-wrapper\">\n\t\t\t\t\t<a class=\"elementor-button elementor-button-link elementor-size-lg\" href=\"https:\/\/wa.me\/5519998749526\" target=\"_blank\" rel=\"nofollow\">\n\t\t\t\t\t\t<span class=\"elementor-button-content-wrapper\">\n\t\t\t\t\t\t\t\t\t<span class=\"elementor-button-text\">Falar no WhatsApp<\/span>\n\t\t\t\t\t<\/span>\n\t\t\t\t\t<\/a>\n\t\t\t\t<\/div>\n\t\t\t\t\t\t\t\t<\/div>\n\t\t\t\t<\/div>\n\t\t\t\t<div class=\"elementor-element elementor-element-686b6ab0 elementor-widget elementor-widget-text-editor\" data-id=\"686b6ab0\" data-element_type=\"widget\" data-widget_type=\"text-editor.default\">\n\t\t\t\t<div class=\"elementor-widget-container\">\n\t\t\t\t\t\t\t\t\t<p style=\"text-align: center; color: rgba(255,255,255,0.55); font-size: 13px; margin: 18px 0 0 0;\">\u00a92026 Semblanti Tecnologia Ltda. Todos os direitos reservados. \u2022 CNPJ 65.682.402\/0001-69<\/p>\t\t\t\t\t\t\t\t<\/div>\n\t\t\t\t<\/div>\n\t\t\t\t<\/div>\n\t\t\t\t\t<\/div>\n\t\t<\/div>\n\t\t\t\t\t<\/div>\n\t\t<\/section>\n\t\t\t\t<\/div>\n\t\t\n    <div class=\"xs_social_share_widget xs_share_url after_content \t\tmain_content  wslu-style-1 wslu-share-box-shaped wslu-fill-colored wslu-none wslu-share-horizontal wslu-theme-font-no wslu-main_content\">\n\n\t\t\n        <ul>\n\t\t\t        <\/ul>\n    <\/div> \n","protected":false},"excerpt":{"rendered":"<p>Estamos em manuten\u00e7\u00e3o Estamos realizando ajustes para melhorar sua experi\u00eancia.Em breve o site estar\u00e1 dispon\u00edvel novamente. Se precisar falar com a gente agora:WhatsApp: +55 (19) 99874-9526 \u2022 E-mail: contato@semblanti.com.br Falar no WhatsApp \u00a92026 Semblanti Tecnologia Ltda. Todos os direitos reservados. \u2022 CNPJ 65.682.402\/0001-69<\/p>\n","protected":false},"author":1,"featured_media":0,"parent":0,"menu_order":0,"comment_status":"closed","ping_status":"closed","template":"elementor_canvas","meta":{"postBodyCss":"","postBodyMargin":[],"postBodyPadding":[],"postBodyBackground":{"backgroundType":"classic","gradient":""},"footnotes":""},"class_list":["post-333","page","type-page","status-publish","hentry"],"_links":{"self":[{"href":"https:\/\/semblanti.com.br\/index.php\/wp-json\/wp\/v2\/pages\/333","targetHints":{"allow":["GET"]}}],"collection":[{"href":"https:\/\/semblanti.com.br\/index.php\/wp-json\/wp\/v2\/pages"}],"about":[{"href":"https:\/\/semblanti.com.br\/index.php\/wp-json\/wp\/v2\/types\/page"}],"author":[{"embeddable":true,"href":"https:\/\/semblanti.com.br\/index.php\/wp-json\/wp\/v2\/users\/1"}],"replies":[{"embeddable":true,"href":"https:\/\/semblanti.com.br\/index.php\/wp-json\/wp\/v2\/comments?post=333"}],"version-history":[{"count":8,"href":"https:\/\/semblanti.com.br\/index.php\/wp-json\/wp\/v2\/pages\/333\/revisions"}],"predecessor-version":[{"id":350,"href":"https:\/\/semblanti.com.br\/index.php\/wp-json\/wp\/v2\/pages\/333\/revisions\/350"}],"wp:attachment":[{"href":"https:\/\/semblanti.com.br\/index.php\/wp-json\/wp\/v2\/media?parent=333"}],"curies":[{"name":"wp","href":"https:\/\/api.w.org\/{rel}","templated":true}]}}